{"id":748,"date":"2024-01-17T12:50:45","date_gmt":"2024-01-17T12:50:45","guid":{"rendered":"https:\/\/ecofund.ca\/?page_id=748"},"modified":"2024-01-28T08:41:45","modified_gmt":"2024-01-28T08:41:45","slug":"servicios","status":"publish","type":"page","link":"https:\/\/ecofund.ca\/?page_id=748&lang=es","title":{"rendered":"Servicios"},"content":{"rendered":"\t\t<div data-elementor-type=\"wp-page\" data-elementor-id=\"748\" class=\"elementor elementor-748\">\n\t\t\t\t<div class=\"elementor-element elementor-element-c986c49 e-con-full e-flex e-con e-parent\" data-id=\"c986c49\" data-element_type=\"container\" data-e-type=\"container\" data-settings=\"{&quot;background_background&quot;:&quot;classic&quot;}\">\n\t\t\t\t<div class=\"elementor-element elementor-element-faced0b elementor-widget elementor-widget-heading\" data-id=\"faced0b\" data-element_type=\"widget\" data-e-type=\"widget\" data-widget_type=\"heading.default\">\n\t\t\t\t<div class=\"elementor-widget-container\">\n\t\t\t\t\t<h1 class=\"elementor-heading-title elementor-size-xxl\">Servicios <\/h1>\t\t\t\t<\/div>\n\t\t\t\t<\/div>\n\t\t\t\t<\/div>\n\t\t<div class=\"elementor-element elementor-element-f433fc8 e-flex e-con-boxed e-con e-parent\" data-id=\"f433fc8\" data-element_type=\"container\" data-e-type=\"container\">\n\t\t\t\t\t<div class=\"e-con-inner\">\n\t\t\t\t<div class=\"elementor-element elementor-element-f9bfb7d elementor-widget elementor-widget-spacer\" data-id=\"f9bfb7d\" data-element_type=\"widget\" data-e-type=\"widget\" data-widget_type=\"spacer.default\">\n\t\t\t\t<div class=\"elementor-widget-container\">\n\t\t\t\t\t\t\t<div class=\"elementor-spacer\">\n\t\t\t<div class=\"elementor-spacer-inner\"><\/div>\n\t\t<\/div>\n\t\t\t\t\t\t<\/div>\n\t\t\t\t<\/div>\n\t\t\t\t<div class=\"elementor-element elementor-element-c637c04 elementor-widget elementor-widget-heading\" data-id=\"c637c04\" data-element_type=\"widget\" data-e-type=\"widget\" data-widget_type=\"heading.default\">\n\t\t\t\t<div class=\"elementor-widget-container\">\n\t\t\t\t\t<h2 class=\"elementor-heading-title elementor-size-xl\">Desarrollo de cr\u00e9ditos de carbono: <\/h2>\t\t\t\t<\/div>\n\t\t\t\t<\/div>\n\t\t\t\t<div class=\"elementor-element elementor-element-89a237b elementor-widget elementor-widget-text-editor\" data-id=\"89a237b\" data-element_type=\"widget\" data-e-type=\"widget\" data-widget_type=\"text-editor.default\">\n\t\t\t\t<div class=\"elementor-widget-container\">\n\t\t\t\t\t\t\t\t\t<p>El proceso de desarrollo de cr\u00e9ditos de carbono implica varios pasos clave, comenzando con una visi\u00f3n inicial por sat\u00e9lite y culminando en la certificaci\u00f3n completa. Aqu\u00ed tienes un resumen:<\/p><ol><li><p><strong>Evaluaci\u00f3n Preliminar y Planificaci\u00f3n:<\/strong> El proceso comienza con una visi\u00f3n exhaustiva por sat\u00e9lite y una evaluaci\u00f3n en el terreno para identificar \u00e1reas de tierra adecuadas para el desarrollo de cr\u00e9ditos de carbono. Esto implica evaluar diversos factores como el tipo de tierra, la vegetaci\u00f3n existente, el potencial de reforestaci\u00f3n o forestaci\u00f3n y el uso hist\u00f3rico de la tierra. A partir de aqu\u00ed, se formula un plan detallado que describe la estrategia para actividades de secuestro de carbono o reducci\u00f3n de emisiones para generar cr\u00e9ditos de carbono.<\/p><\/li><li><p><strong>Implementaci\u00f3n de Proyectos de Cr\u00e9ditos de Carbono:<\/strong> Una vez completada la fase de planificaci\u00f3n, comienza la etapa de implementaci\u00f3n. Esto implica la ejecuci\u00f3n real de actividades dise\u00f1adas para absorber di\u00f3xido de carbono de la atm\u00f3sfera (reforestaci\u00f3n, forestaci\u00f3n) o reducir emisiones (como proyectos de energ\u00eda renovable o captura de metano). Estas iniciativas se llevan a cabo meticulosamente, siguiendo est\u00e1ndares y protocolos rigurosos establecidos por organismos reconocidos de certificaci\u00f3n de cr\u00e9ditos de carbono.<\/p><\/li><li><p><strong>Monitoreo, Verificaci\u00f3n y Certificaci\u00f3n:<\/strong> A lo largo de la duraci\u00f3n del proyecto, se lleva a cabo un monitoreo y verificaci\u00f3n continuos para rastrear el progreso y la efectividad de las iniciativas de cr\u00e9ditos de carbono. Esto implica evaluaciones regulares para cuantificar la cantidad de carbono secuestrado o emisiones reducidas. Tras completarse con \u00e9xito y cumplir con los criterios especificados, el proyecto se somete a la certificaci\u00f3n por parte de organismos autorizados, verificando la generaci\u00f3n de cr\u00e9ditos de carbono.<\/p><\/li><\/ol><p>El plazo t\u00edpico para este proceso puede variar significativamente seg\u00fan la escala del proyecto, las condiciones de la tierra y las actividades espec\u00edficas de cr\u00e9ditos de carbono emprendidas. Sin embargo, suele oscilar entre varios meses y algunos a\u00f1os, teniendo en cuenta el tiempo necesario para la planificaci\u00f3n, la ejecuci\u00f3n, el monitoreo y la certificaci\u00f3n.<\/p><p>Los resultados financieros del desarrollo de cr\u00e9ditos de carbono dependen de varios factores, como el tama\u00f1o del proyecto, el tipo, la ubicaci\u00f3n y las condiciones del mercado de cr\u00e9ditos de carbono. Los proyectos exitosos pueden generar ingresos mediante la venta de cr\u00e9ditos de carbono certificados. Las ganancias financieras est\u00e1n vinculadas al volumen y la calidad de los cr\u00e9ditos generados, la demanda del mercado y el precio por cr\u00e9dito, que fluct\u00faa seg\u00fan los mercados y pol\u00edticas globales de carbono.<\/p><p>En \u00faltima instancia, el desarrollo efectivo de cr\u00e9ditos de carbono implica un proceso meticuloso de principio a fin, con el objetivo no solo de mitigar el cambio clim\u00e1tico, sino tambi\u00e9n de obtener retornos financieros mediante la creaci\u00f3n y venta de cr\u00e9ditos de carbono verificados, cumpliendo con est\u00e1ndares y protocolos internacionales.<\/p>\t\t\t\t\t\t\t\t<\/div>\n\t\t\t\t<\/div>\n\t\t\t\t<div class=\"elementor-element elementor-element-6233292 elementor-widget elementor-widget-heading\" data-id=\"6233292\" data-element_type=\"widget\" data-e-type=\"widget\" data-widget_type=\"heading.default\">\n\t\t\t\t<div class=\"elementor-widget-container\">\n\t\t\t\t\t<h2 class=\"elementor-heading-title elementor-size-xl\">Venta de cr\u00e9ditos de carbono: <\/h2>\t\t\t\t<\/div>\n\t\t\t\t<\/div>\n\t\t\t\t<div class=\"elementor-element elementor-element-a9cbbb8 elementor-widget elementor-widget-spacer\" data-id=\"a9cbbb8\" data-element_type=\"widget\" data-e-type=\"widget\" data-widget_type=\"spacer.default\">\n\t\t\t\t<div class=\"elementor-widget-container\">\n\t\t\t\t\t\t\t<div class=\"elementor-spacer\">\n\t\t\t<div class=\"elementor-spacer-inner\"><\/div>\n\t\t<\/div>\n\t\t\t\t\t\t<\/div>\n\t\t\t\t<\/div>\n\t\t\t\t<div class=\"elementor-element elementor-element-fc7dd49 elementor-widget elementor-widget-text-editor\" data-id=\"fc7dd49\" data-element_type=\"widget\" data-e-type=\"widget\" data-widget_type=\"text-editor.default\">\n\t\t\t\t<div class=\"elementor-widget-container\">\n\t\t\t\t\t\t\t\t\t<p>Nuestro proceso de venta de cr\u00e9ditos de carbono est\u00e1 dise\u00f1ado para cerrar la brecha entre nuestros socios forestales y una clientela diversa, atendiendo tanto a clientes institucionales como pioneros en una plataforma minorista innovadora para peque\u00f1as y medianas empresas que deseen compensar sus emisiones.<\/p><p>Para clientes institucionales, que incluyen corporaciones, instituciones financieras y entidades gubernamentales, aprovechamos nuestras relaciones establecidas a lo largo del tiempo para ofrecer cr\u00e9ditos de carbono verificados obtenidos de nuestros socios forestales. Estos cr\u00e9ditos se desarrollan meticulosamente a trav\u00e9s de proyectos integrales de cr\u00e9ditos de carbono, garantizando el cumplimiento con normas internacionales. Nuestro historial de entrega de cr\u00e9ditos certificados de alta calidad provenientes de proyectos de reforestaci\u00f3n, forestaci\u00f3n y reducci\u00f3n de emisiones nos posiciona como un proveedor confiable en el mercado de carbono. Al facilitar transacciones entre nuestros socios forestales y estos clientes institucionales, permitimos el cumplimiento de sus objetivos de sostenibilidad al tiempo que respaldamos esfuerzos de reforestaci\u00f3n e iniciativas de reducci\u00f3n de emisiones.<\/p><p>Adem\u00e1s, estamos lanzando una plataforma minorista innovadora dise\u00f1ada espec\u00edficamente para peque\u00f1as y medianas empresas. Esta plataforma ofrece una oportunidad \u00fanica para que estas empresas rastreen eficazmente sus emisiones. Tras evaluar su huella de carbono, las empresas pueden adquirir de manera sencilla cr\u00e9ditos de carbono provenientes de nuestros socios forestales para compensar sus emisiones. Este enfoque innovador democratiza el acceso a la compensaci\u00f3n de carbono para empresas de diversos tama\u00f1os, permiti\u00e9ndoles participar en esfuerzos de conservaci\u00f3n ambiental alineados con sus objetivos de sostenibilidad. La plataforma sirve como un conducto, conectando directamente a estas empresas con nuestros socios forestales, facilitando un proceso transparente y simplificado para la compra de cr\u00e9ditos de carbono verificados.<\/p><p>Al fusionar nuestras relaciones de larga data con clientes institucionales y liderar una novedosa plataforma minorista, creamos un mercado integral e inclusivo. Este enfoque din\u00e1mico no solo fomenta la venta de cr\u00e9ditos de carbono de nuestros socios forestales, sino que tambi\u00e9n promueve un compromiso generalizado con la sostenibilidad, impulsando el cuidado del medio ambiente en diversos sectores y escalas empresariales.<\/p>\t\t\t\t\t\t\t\t<\/div>\n\t\t\t\t<\/div>\n\t\t\t\t<div class=\"elementor-element elementor-element-91eed48 elementor-widget elementor-widget-spacer\" data-id=\"91eed48\" data-element_type=\"widget\" data-e-type=\"widget\" data-widget_type=\"spacer.default\">\n\t\t\t\t<div class=\"elementor-widget-container\">\n\t\t\t\t\t\t\t<div class=\"elementor-spacer\">\n\t\t\t<div class=\"elementor-spacer-inner\"><\/div>\n\t\t<\/div>\n\t\t\t\t\t\t<\/div>\n\t\t\t\t<\/div>\n\t\t\t\t\t<\/div>\n\t\t\t\t<\/div>\n\t\t<div class=\"elementor-element elementor-element-d932378 e-flex e-con-boxed e-con e-parent\" data-id=\"d932378\" data-element_type=\"container\" data-e-type=\"container\" data-settings=\"{&quot;background_background&quot;:&quot;classic&quot;}\">\n\t\t\t\t\t<div class=\"e-con-inner\">\n\t\t<div class=\"elementor-element elementor-element-d5d2df3 e-con-full e-flex e-con e-child\" data-id=\"d5d2df3\" data-element_type=\"container\" data-e-type=\"container\">\n\t\t\t\t<div class=\"elementor-element elementor-element-ea44302 elementor-widget elementor-widget-heading\" data-id=\"ea44302\" data-element_type=\"widget\" data-e-type=\"widget\" data-widget_type=\"heading.default\">\n\t\t\t\t<div class=\"elementor-widget-container\">\n\t\t\t\t\t<h2 class=\"elementor-heading-title elementor-size-default\">ECOFUND<\/h2>\t\t\t\t<\/div>\n\t\t\t\t<\/div>\n\t\t\t\t<div class=\"elementor-element elementor-element-5d40aea elementor-widget-divider--view-line elementor-widget elementor-widget-divider\" data-id=\"5d40aea\" data-element_type=\"widget\" data-e-type=\"widget\" data-widget_type=\"divider.default\">\n\t\t\t\t<div class=\"elementor-widget-container\">\n\t\t\t\t\t\t\t<div class=\"elementor-divider\">\n\t\t\t<span class=\"elementor-divider-separator\">\n\t\t\t\t\t\t<\/span>\n\t\t<\/div>\n\t\t\t\t\t\t<\/div>\n\t\t\t\t<\/div>\n\t\t\t\t<div class=\"elementor-element elementor-element-a6c190f elementor-widget elementor-widget-text-editor\" data-id=\"a6c190f\" data-element_type=\"widget\" data-e-type=\"widget\" data-widget_type=\"text-editor.default\">\n\t\t\t\t<div class=\"elementor-widget-container\">\n\t\t\t\t\t\t\t\t\t<p>Utilizar los recursos de su tierra para protegerla.\u00a0<\/p>\t\t\t\t\t\t\t\t<\/div>\n\t\t\t\t<\/div>\n\t\t\t\t<\/div>\n\t\t<div class=\"elementor-element elementor-element-9eab652 e-con-full e-flex e-con e-child\" data-id=\"9eab652\" data-element_type=\"container\" data-e-type=\"container\">\n\t\t\t\t<div class=\"elementor-element elementor-element-c37f75d elementor-widget elementor-widget-heading\" data-id=\"c37f75d\" data-element_type=\"widget\" data-e-type=\"widget\" data-widget_type=\"heading.default\">\n\t\t\t\t<div class=\"elementor-widget-container\">\n\t\t\t\t\t<h2 class=\"elementor-heading-title elementor-size-medium\">Enlaces \u00fatiles: <\/h2>\t\t\t\t<\/div>\n\t\t\t\t<\/div>\n\t\t\t\t<div class=\"elementor-element elementor-element-c51b68b elementor-widget-divider--view-line elementor-widget elementor-widget-divider\" data-id=\"c51b68b\" data-element_type=\"widget\" data-e-type=\"widget\" data-widget_type=\"divider.default\">\n\t\t\t\t<div class=\"elementor-widget-container\">\n\t\t\t\t\t\t\t<div class=\"elementor-divider\">\n\t\t\t<span class=\"elementor-divider-separator\">\n\t\t\t\t\t\t<\/span>\n\t\t<\/div>\n\t\t\t\t\t\t<\/div>\n\t\t\t\t<\/div>\n\t\t\t\t<div class=\"elementor-element elementor-element-131d55b elementor-widget elementor-widget-heading\" data-id=\"131d55b\" data-element_type=\"widget\" data-e-type=\"widget\" data-widget_type=\"heading.default\">\n\t\t\t\t<div class=\"elementor-widget-container\">\n\t\t\t\t\t<h2 class=\"elementor-heading-title elementor-size-small\"><a href=\"https:\/\/ecofund.ca\/?page_id=14\">EcoSelect<\/a><\/h2>\t\t\t\t<\/div>\n\t\t\t\t<\/div>\n\t\t\t\t<div class=\"elementor-element elementor-element-4e03075 elementor-widget elementor-widget-heading\" data-id=\"4e03075\" data-element_type=\"widget\" data-e-type=\"widget\" data-widget_type=\"heading.default\">\n\t\t\t\t<div class=\"elementor-widget-container\">\n\t\t\t\t\t<h2 class=\"elementor-heading-title elementor-size-small\"><a href=\"https:\/\/ecofund.ca\/?page_id=16\">EcoSheild<\/a><\/h2>\t\t\t\t<\/div>\n\t\t\t\t<\/div>\n\t\t\t\t<div class=\"elementor-element elementor-element-845b609 elementor-widget elementor-widget-heading\" data-id=\"845b609\" data-element_type=\"widget\" data-e-type=\"widget\" data-widget_type=\"heading.default\">\n\t\t\t\t<div class=\"elementor-widget-container\">\n\t\t\t\t\t<h2 class=\"elementor-heading-title elementor-size-small\"><a href=\"https:\/\/ecofund.ca\/?page_id=18\">Contact Us<\/a><\/h2>\t\t\t\t<\/div>\n\t\t\t\t<\/div>\n\t\t\t\t<\/div>\n\t\t<div class=\"elementor-element elementor-element-ba8ac1e e-con-full e-flex e-con e-child\" data-id=\"ba8ac1e\" data-element_type=\"container\" data-e-type=\"container\">\n\t\t\t\t<div class=\"elementor-element elementor-element-a21ac8e elementor-widget elementor-widget-heading\" data-id=\"a21ac8e\" data-element_type=\"widget\" data-e-type=\"widget\" data-widget_type=\"heading.default\">\n\t\t\t\t<div class=\"elementor-widget-container\">\n\t\t\t\t\t<h2 class=\"elementor-heading-title elementor-size-medium\">Sede central: <\/h2>\t\t\t\t<\/div>\n\t\t\t\t<\/div>\n\t\t\t\t<div class=\"elementor-element elementor-element-af1a19d elementor-widget-divider--view-line elementor-widget elementor-widget-divider\" data-id=\"af1a19d\" data-element_type=\"widget\" data-e-type=\"widget\" data-widget_type=\"divider.default\">\n\t\t\t\t<div class=\"elementor-widget-container\">\n\t\t\t\t\t\t\t<div class=\"elementor-divider\">\n\t\t\t<span class=\"elementor-divider-separator\">\n\t\t\t\t\t\t<\/span>\n\t\t<\/div>\n\t\t\t\t\t\t<\/div>\n\t\t\t\t<\/div>\n\t\t\t\t<div class=\"elementor-element elementor-element-b9a5fee elementor-icon-list--layout-traditional elementor-list-item-link-full_width elementor-widget elementor-widget-icon-list\" data-id=\"b9a5fee\" data-element_type=\"widget\" data-e-type=\"widget\" data-widget_type=\"icon-list.default\">\n\t\t\t\t<div class=\"elementor-widget-container\">\n\t\t\t\t\t\t\t<ul class=\"elementor-icon-list-items\">\n\t\t\t\t\t\t\t<li class=\"elementor-icon-list-item\">\n\t\t\t\t\t\t\t\t\t\t\t<span class=\"elementor-icon-list-icon\">\n\t\t\t\t\t\t\t<svg aria-hidden=\"true\" class=\"e-font-icon-svg e-fas-map-marker-alt\" viewBox=\"0 0 384 512\" xmlns=\"http:\/\/www.w3.org\/2000\/svg\"><path d=\"M172.268 501.67C26.97 291.031 0 269.413 0 192 0 85.961 85.961 0 192 0s192 85.961 192 192c0 77.413-26.97 99.031-172.268 309.67-9.535 13.774-29.93 13.773-39.464 0zM192 272c44.183 0 80-35.817 80-80s-35.817-80-80-80-80 35.817-80 80 35.817 80 80 80z\"><\/path><\/svg>\t\t\t\t\t\t<\/span>\n\t\t\t\t\t\t\t\t\t\t<span class=\"elementor-icon-list-text\">Vancouver BC<\/span>\n\t\t\t\t\t\t\t\t\t<\/li>\n\t\t\t\t\t\t\t\t<li class=\"elementor-icon-list-item\">\n\t\t\t\t\t\t\t\t\t\t\t<a href=\"https:\/\/ecofund.ca\/?page_id=18\">\n\n\t\t\t\t\t\t\t\t\t\t\t\t<span class=\"elementor-icon-list-icon\">\n\t\t\t\t\t\t\t<svg aria-hidden=\"true\" class=\"e-font-icon-svg e-far-envelope\" viewBox=\"0 0 512 512\" xmlns=\"http:\/\/www.w3.org\/2000\/svg\"><path d=\"M464 64H48C21.49 64 0 85.49 0 112v288c0 26.51 21.49 48 48 48h416c26.51 0 48-21.49 48-48V112c0-26.51-21.49-48-48-48zm0 48v40.805c-22.422 18.259-58.168 46.651-134.587 106.49-16.841 13.247-50.201 45.072-73.413 44.701-23.208.375-56.579-31.459-73.413-44.701C106.18 199.465 70.425 171.067 48 152.805V112h416zM48 400V214.398c22.914 18.251 55.409 43.862 104.938 82.646 21.857 17.205 60.134 55.186 103.062 54.955 42.717.231 80.509-37.199 103.053-54.947 49.528-38.783 82.032-64.401 104.947-82.653V400H48z\"><\/path><\/svg>\t\t\t\t\t\t<\/span>\n\t\t\t\t\t\t\t\t\t\t<span class=\"elementor-icon-list-text\">Email<\/span>\n\t\t\t\t\t\t\t\t\t\t\t<\/a>\n\t\t\t\t\t\t\t\t\t<\/li>\n\t\t\t\t\t\t<\/ul>\n\t\t\t\t\t\t<\/div>\n\t\t\t\t<\/div>\n\t\t\t\t<\/div>\n\t\t<div class=\"elementor-element elementor-element-b800453 e-con-full e-flex e-con e-child\" data-id=\"b800453\" data-element_type=\"container\" data-e-type=\"container\">\n\t\t\t\t<div class=\"elementor-element elementor-element-7d29f1f elementor-widget elementor-widget-heading\" data-id=\"7d29f1f\" data-element_type=\"widget\" data-e-type=\"widget\" data-widget_type=\"heading.default\">\n\t\t\t\t<div class=\"elementor-widget-container\">\n\t\t\t\t\t<h2 class=\"elementor-heading-title elementor-size-medium\">Ubicaciones: <\/h2>\t\t\t\t<\/div>\n\t\t\t\t<\/div>\n\t\t\t\t<div class=\"elementor-element elementor-element-fc05a1e elementor-widget-divider--view-line elementor-widget elementor-widget-divider\" data-id=\"fc05a1e\" data-element_type=\"widget\" data-e-type=\"widget\" data-widget_type=\"divider.default\">\n\t\t\t\t<div class=\"elementor-widget-container\">\n\t\t\t\t\t\t\t<div class=\"elementor-divider\">\n\t\t\t<span class=\"elementor-divider-separator\">\n\t\t\t\t\t\t<\/span>\n\t\t<\/div>\n\t\t\t\t\t\t<\/div>\n\t\t\t\t<\/div>\n\t\t\t\t<div class=\"elementor-element elementor-element-6f598f7 elementor-widget elementor-widget-text-editor\" data-id=\"6f598f7\" data-element_type=\"widget\" data-e-type=\"widget\" data-widget_type=\"text-editor.default\">\n\t\t\t\t<div class=\"elementor-widget-container\">\n\t\t\t\t\t\t\t\t\t<p>Toronto Canada <br \/>Nairobi Kenya<br \/>Sydney Australia<br \/>London UK<\/p>\t\t\t\t\t\t\t\t<\/div>\n\t\t\t\t<\/div>\n\t\t\t\t<\/div>\n\t\t\t\t\t<\/div>\n\t\t\t\t<\/div>\n\t\t\t\t<\/div>\n\t\t","protected":false},"excerpt":{"rendered":"<p>Servicios Desarrollo de cr\u00e9ditos de carbono: El proceso de desarrollo de cr\u00e9ditos de carbono implica varios pasos clave, comenzando con [&hellip;]<\/p>\n","protected":false},"author":1,"featured_media":0,"parent":0,"menu_order":0,"comment_status":"closed","ping_status":"closed","template":"","meta":{"site-sidebar-layout":"no-sidebar","site-content-layout":"","ast-site-content-layout":"default","site-content-style":"default","site-sidebar-style":"default","ast-global-header-display":"","ast-banner-title-visibility":"","ast-main-header-display":"","ast-hfb-above-header-display":"","ast-hfb-below-header-display":"","ast-hfb-mobile-header-display":"","site-post-title":"disabled","ast-breadcrumbs-content":"","ast-featured-img":"disabled","footer-sml-layout":"","ast-disable-related-posts":"","theme-transparent-header-meta":"","adv-header-id-meta":"","stick-header-meta":"","header-above-stick-meta":"","header-main-stick-meta":"","header-below-stick-meta":"","astra-migrate-meta-layouts":"default","ast-page-background-enabled":"default","ast-page-background-meta":{"desktop":{"background-color":"var(--ast-global-color-4)","background-image":"","background-repeat":"repeat","background-position":"center center","background-size":"auto","background-attachment":"scroll","background-type":"","background-media":"","overlay-type":"","overlay-color":"","overlay-opacity":"","overlay-gradient":""},"tablet":{"background-color":"","background-image":"","background-repeat":"repeat","background-position":"center center","background-size":"auto","background-attachment":"scroll","background-type":"","background-media":"","overlay-type":"","overlay-color":"","overlay-opacity":"","overlay-gradient":""},"mobile":{"background-color":"","background-image":"","background-repeat":"repeat","background-position":"center center","background-size":"auto","background-attachment":"scroll","background-type":"","background-media":"","overlay-type":"","overlay-color":"","overlay-opacity":"","overlay-gradient":""}},"ast-content-background-meta":{"desktop":{"background-color":"var(--ast-global-color-5)","background-image":"","background-repeat":"repeat","background-position":"center center","background-size":"auto","background-attachment":"scroll","background-type":"","background-media":"","overlay-type":"","overlay-color":"","overlay-opacity":"","overlay-gradient":""},"tablet":{"background-color":"var(--ast-global-color-5)","background-image":"","background-repeat":"repeat","background-position":"center center","background-size":"auto","background-attachment":"scroll","background-type":"","background-media":"","overlay-type":"","overlay-color":"","overlay-opacity":"","overlay-gradient":""},"mobile":{"background-color":"var(--ast-global-color-5)","background-image":"","background-repeat":"repeat","background-position":"center center","background-size":"auto","background-attachment":"scroll","background-type":"","background-media":"","overlay-type":"","overlay-color":"","overlay-opacity":"","overlay-gradient":""}},"footnotes":""},"class_list":["post-748","page","type-page","status-publish","hentry"],"_links":{"self":[{"href":"https:\/\/ecofund.ca\/index.php?rest_route=\/wp\/v2\/pages\/748","targetHints":{"allow":["GET"]}}],"collection":[{"href":"https:\/\/ecofund.ca\/index.php?rest_route=\/wp\/v2\/pages"}],"about":[{"href":"https:\/\/ecofund.ca\/index.php?rest_route=\/wp\/v2\/types\/page"}],"author":[{"embeddable":true,"href":"https:\/\/ecofund.ca\/index.php?rest_route=\/wp\/v2\/users\/1"}],"replies":[{"embeddable":true,"href":"https:\/\/ecofund.ca\/index.php?rest_route=%2Fwp%2Fv2%2Fcomments&post=748"}],"version-history":[{"count":3,"href":"https:\/\/ecofund.ca\/index.php?rest_route=\/wp\/v2\/pages\/748\/revisions"}],"predecessor-version":[{"id":754,"href":"https:\/\/ecofund.ca\/index.php?rest_route=\/wp\/v2\/pages\/748\/revisions\/754"}],"wp:attachment":[{"href":"https:\/\/ecofund.ca\/index.php?rest_route=%2Fwp%2Fv2%2Fmedia&parent=748"}],"curies":[{"name":"wp","href":"https:\/\/api.w.org\/{rel}","templated":true}]}}