{"id":797,"date":"2024-01-17T12:50:45","date_gmt":"2024-01-17T12:50:45","guid":{"rendered":"https:\/\/ecofund.ca\/?page_id=797"},"modified":"2024-01-28T11:22:49","modified_gmt":"2024-01-28T11:22:49","slug":"prestations-de-service","status":"publish","type":"page","link":"https:\/\/ecofund.ca\/?page_id=797&lang=fr","title":{"rendered":"Prestations de service"},"content":{"rendered":"\t\t<div data-elementor-type=\"wp-page\" data-elementor-id=\"797\" class=\"elementor elementor-797\">\n\t\t\t\t<div class=\"elementor-element elementor-element-c986c49 e-con-full e-flex e-con e-parent\" data-id=\"c986c49\" data-element_type=\"container\" data-e-type=\"container\" data-settings=\"{&quot;background_background&quot;:&quot;classic&quot;}\">\n\t\t\t\t<div class=\"elementor-element elementor-element-faced0b elementor-widget elementor-widget-heading\" data-id=\"faced0b\" data-element_type=\"widget\" data-e-type=\"widget\" data-widget_type=\"heading.default\">\n\t\t\t\t<div class=\"elementor-widget-container\">\n\t\t\t\t\t<h1 class=\"elementor-heading-title elementor-size-xxl\">Services<\/h1>\t\t\t\t<\/div>\n\t\t\t\t<\/div>\n\t\t\t\t<\/div>\n\t\t<div class=\"elementor-element elementor-element-f433fc8 e-flex e-con-boxed e-con e-parent\" data-id=\"f433fc8\" data-element_type=\"container\" data-e-type=\"container\">\n\t\t\t\t\t<div class=\"e-con-inner\">\n\t\t\t\t<div class=\"elementor-element elementor-element-f9bfb7d elementor-widget elementor-widget-spacer\" data-id=\"f9bfb7d\" data-element_type=\"widget\" data-e-type=\"widget\" data-widget_type=\"spacer.default\">\n\t\t\t\t<div class=\"elementor-widget-container\">\n\t\t\t\t\t\t\t<div class=\"elementor-spacer\">\n\t\t\t<div class=\"elementor-spacer-inner\"><\/div>\n\t\t<\/div>\n\t\t\t\t\t\t<\/div>\n\t\t\t\t<\/div>\n\t\t\t\t<div class=\"elementor-element elementor-element-c637c04 elementor-widget elementor-widget-heading\" data-id=\"c637c04\" data-element_type=\"widget\" data-e-type=\"widget\" data-widget_type=\"heading.default\">\n\t\t\t\t<div class=\"elementor-widget-container\">\n\t\t\t\t\t<h2 class=\"elementor-heading-title elementor-size-xl\">Carbon Credit Development:<\/h2>\t\t\t\t<\/div>\n\t\t\t\t<\/div>\n\t\t\t\t<div class=\"elementor-element elementor-element-89a237b elementor-widget elementor-widget-text-editor\" data-id=\"89a237b\" data-element_type=\"widget\" data-e-type=\"widget\" data-widget_type=\"text-editor.default\">\n\t\t\t\t<div class=\"elementor-widget-container\">\n\t\t\t\t\t\t\t\t\t<p>Le processus de d\u00e9veloppement des cr\u00e9dits carbone implique plusieurs \u00e9tapes cl\u00e9s, commen\u00e7ant par une vue d&#8217;ensemble satellite initiale et aboutissant \u00e0 une certification compl\u00e8te. Voici un aper\u00e7u :<\/p><p><b>\u00c9valuation pr\u00e9liminaire et planification : <\/b>Le processus commence par une vue d&#8217;ensemble satellite compl\u00e8te et une \u00e9valuation sur le terrain pour identifier des zones de terrain appropri\u00e9es pour le d\u00e9veloppement de cr\u00e9dits carbone. Cela implique d&#8217;\u00e9valuer divers facteurs tels que le type de terrain, la v\u00e9g\u00e9tation existante, le potentiel de reboisement ou d&#8217;afforestation, et l&#8217;utilisation historique des terres. \u00c0 partir de l\u00e0, un plan d\u00e9taill\u00e9 est formul\u00e9, d\u00e9crivant la strat\u00e9gie pour les activit\u00e9s de s\u00e9questration du carbone ou de r\u00e9duction des \u00e9missions afin de g\u00e9n\u00e9rer des cr\u00e9dits carbone.<\/p><p><b>Mise en \u0153uvre des projets de cr\u00e9dits carbone :<\/b> Une fois la phase de planification termin\u00e9e, la phase de mise en \u0153uvre commence. Cela implique l&#8217;ex\u00e9cution r\u00e9elle d&#8217;activit\u00e9s destin\u00e9es \u00e0 absorber le dioxyde de carbone de l&#8217;atmosph\u00e8re (reboisement, afforestation) ou \u00e0 r\u00e9duire les \u00e9missions (comme des projets d&#8217;\u00e9nergie renouvelable ou la capture de m\u00e9thane). Ces initiatives sont m\u00e9ticuleusement men\u00e9es, en respectant des normes et des protocoles rigoureux \u00e9tablis par des organismes de certification de cr\u00e9dits carbone reconnus.<\/p><p><strong>Suivi, v\u00e9rification et certification :<\/strong><\/p><p>Tout au long de la dur\u00e9e du projet, un suivi et une v\u00e9rification continus sont effectu\u00e9s pour suivre la progression et l&#8217;efficacit\u00e9 des initiatives de cr\u00e9dits carbone. Cela implique des \u00e9valuations r\u00e9guli\u00e8res pour quantifier la quantit\u00e9 de carbone s\u00e9questr\u00e9 ou les \u00e9missions r\u00e9duites. Apr\u00e8s une r\u00e9alisation r\u00e9ussie et la satisfaction des crit\u00e8res sp\u00e9cifi\u00e9s, le projet fait l&#8217;objet d&#8217;une certification par des organismes autoris\u00e9s, v\u00e9rifiant la g\u00e9n\u00e9ration de cr\u00e9dits carbone.<\/p><p>La dur\u00e9e typique de ce processus peut varier consid\u00e9rablement en fonction de l&#8217;\u00e9chelle du projet, des conditions du terrain et des activit\u00e9s sp\u00e9cifiques de cr\u00e9dits carbone entreprises. Cependant, cela varie souvent de plusieurs mois \u00e0 quelques ann\u00e9es, en tenant compte du temps n\u00e9cessaire \u00e0 la planification, \u00e0 l&#8217;ex\u00e9cution, au suivi et \u00e0 la certification.<\/p><p>Les r\u00e9sultats financiers du d\u00e9veloppement des cr\u00e9dits carbone d\u00e9pendent de divers facteurs, notamment la taille du projet, le type, l&#8217;emplacement et les conditions du march\u00e9 des cr\u00e9dits carbone en vigueur. Les projets r\u00e9ussis peuvent g\u00e9n\u00e9rer des revenus gr\u00e2ce \u00e0 la vente de cr\u00e9dits carbone certifi\u00e9s. Les gains financiers sont li\u00e9s au volume et \u00e0 la qualit\u00e9 des cr\u00e9dits g\u00e9n\u00e9r\u00e9s, \u00e0 la demande du march\u00e9 et au prix par cr\u00e9dit, qui fluctue en fonction des march\u00e9s mondiaux du carbone et des politiques.<\/p><p>En fin de compte, le d\u00e9veloppement efficace des cr\u00e9dits carbone implique un processus m\u00e9ticuleux du d\u00e9but \u00e0 la fin, visant non seulement \u00e0 att\u00e9nuer le changement climatique, mais aussi \u00e0 g\u00e9n\u00e9rer des retours financiers gr\u00e2ce \u00e0 la cr\u00e9ation et \u00e0 la vente de cr\u00e9dits carbone v\u00e9rifi\u00e9s conformes aux normes et protocoles internationaux.<\/p>\t\t\t\t\t\t\t\t<\/div>\n\t\t\t\t<\/div>\n\t\t\t\t<div class=\"elementor-element elementor-element-6233292 elementor-widget elementor-widget-heading\" data-id=\"6233292\" data-element_type=\"widget\" data-e-type=\"widget\" data-widget_type=\"heading.default\">\n\t\t\t\t<div class=\"elementor-widget-container\">\n\t\t\t\t\t<h2 class=\"elementor-heading-title elementor-size-xl\">Carbon Credit Sales:<\/h2>\t\t\t\t<\/div>\n\t\t\t\t<\/div>\n\t\t\t\t<div class=\"elementor-element elementor-element-a9cbbb8 elementor-widget elementor-widget-spacer\" data-id=\"a9cbbb8\" data-element_type=\"widget\" data-e-type=\"widget\" data-widget_type=\"spacer.default\">\n\t\t\t\t<div class=\"elementor-widget-container\">\n\t\t\t\t\t\t\t<div class=\"elementor-spacer\">\n\t\t\t<div class=\"elementor-spacer-inner\"><\/div>\n\t\t<\/div>\n\t\t\t\t\t\t<\/div>\n\t\t\t\t<\/div>\n\t\t\t\t<div class=\"elementor-element elementor-element-fc7dd49 elementor-widget elementor-widget-text-editor\" data-id=\"fc7dd49\" data-element_type=\"widget\" data-e-type=\"widget\" data-widget_type=\"text-editor.default\">\n\t\t\t\t<div class=\"elementor-widget-container\">\n\t\t\t\t\t\t\t\t\t<p>Notre processus de vente de cr\u00e9dits carbone est con\u00e7u pour combler le foss\u00e9 entre nos partenaires forestiers et une client\u00e8le diversifi\u00e9e, r\u00e9pondant aux besoins \u00e0 la fois des clients institutionnels et pionnant une plateforme de vente au d\u00e9tail r\u00e9volutionnaire destin\u00e9e aux petites et moyennes entreprises pour compenser leurs \u00e9missions.<\/p><p>Pour les clients institutionnels, y compris les entreprises, les institutions financi\u00e8res et les organismes gouvernementaux, nous exploitons nos relations \u00e9tablies depuis longtemps pour offrir des cr\u00e9dits carbone v\u00e9rifi\u00e9s provenant de nos partenaires forestiers. Ces cr\u00e9dits sont m\u00e9ticuleusement d\u00e9velopp\u00e9s gr\u00e2ce \u00e0 des projets complets de cr\u00e9dits carbone, garantissant la conformit\u00e9 aux normes internationales. Notre historique de livraison de cr\u00e9dits certifi\u00e9s de haute qualit\u00e9 issus de projets de reboisement, d&#8217;afforestation et de r\u00e9duction des \u00e9missions nous positionne en tant que fournisseur de confiance sur le march\u00e9 du carbone. En facilitant les transactions entre nos partenaires forestiers et ces clients institutionnels, nous permettons la r\u00e9alisation de leurs objectifs en mati\u00e8re de durabilit\u00e9 tout en soutenant les efforts de reboisement et les initiatives de r\u00e9duction des \u00e9missions.<\/p><p>De plus, nous lan\u00e7ons une plateforme de vente au d\u00e9tail novatrice sp\u00e9cialement con\u00e7ue pour les petites et moyennes entreprises. Cette plateforme offre une opportunit\u00e9 unique \u00e0 ces entreprises de suivre efficacement leurs \u00e9missions. Apr\u00e8s avoir \u00e9valu\u00e9 leur empreinte carbone, les entreprises peuvent facilement acheter des cr\u00e9dits carbone provenant de nos partenaires forestiers pour compenser leurs \u00e9missions. Cette approche novatrice d\u00e9mocratise l&#8217;acc\u00e8s \u00e0 la compensation carbone pour des entreprises de tailles diverses, les autonomisant pour participer aux efforts de conservation de l&#8217;environnement tout en s&#8217;alignant sur leurs objectifs de durabilit\u00e9. La plateforme sert de conduit, connectant ces entreprises directement avec nos partenaires forestiers, facilitant un processus transparent et simplifi\u00e9 pour l&#8217;achat de cr\u00e9dits carbone v\u00e9rifi\u00e9s.<\/p><p>En combinant nos relations de longue date avec les clients institutionnels et en lan\u00e7ant une nouvelle plateforme de vente au d\u00e9tail, nous cr\u00e9ons un march\u00e9 complet et inclusif. Cette approche dynamique favorise non seulement la vente de cr\u00e9dits carbone de nos partenaires forestiers, mais encourage \u00e9galement un engagement g\u00e9n\u00e9ralis\u00e9 envers la durabilit\u00e9, promouvant la responsabilit\u00e9 environnementale \u00e0 travers divers secteurs et \u00e9chelles d&#8217;entreprises.<\/p>\t\t\t\t\t\t\t\t<\/div>\n\t\t\t\t<\/div>\n\t\t\t\t<div class=\"elementor-element elementor-element-91eed48 elementor-widget elementor-widget-spacer\" data-id=\"91eed48\" data-element_type=\"widget\" data-e-type=\"widget\" data-widget_type=\"spacer.default\">\n\t\t\t\t<div class=\"elementor-widget-container\">\n\t\t\t\t\t\t\t<div class=\"elementor-spacer\">\n\t\t\t<div class=\"elementor-spacer-inner\"><\/div>\n\t\t<\/div>\n\t\t\t\t\t\t<\/div>\n\t\t\t\t<\/div>\n\t\t\t\t\t<\/div>\n\t\t\t\t<\/div>\n\t\t<div class=\"elementor-element elementor-element-d932378 e-flex e-con-boxed e-con e-parent\" data-id=\"d932378\" data-element_type=\"container\" data-e-type=\"container\" data-settings=\"{&quot;background_background&quot;:&quot;classic&quot;}\">\n\t\t\t\t\t<div class=\"e-con-inner\">\n\t\t<div class=\"elementor-element elementor-element-d5d2df3 e-con-full e-flex e-con e-child\" data-id=\"d5d2df3\" data-element_type=\"container\" data-e-type=\"container\">\n\t\t\t\t<div class=\"elementor-element elementor-element-ea44302 elementor-widget elementor-widget-heading\" data-id=\"ea44302\" data-element_type=\"widget\" data-e-type=\"widget\" data-widget_type=\"heading.default\">\n\t\t\t\t<div class=\"elementor-widget-container\">\n\t\t\t\t\t<h2 class=\"elementor-heading-title elementor-size-default\">ECOFUND<\/h2>\t\t\t\t<\/div>\n\t\t\t\t<\/div>\n\t\t\t\t<div class=\"elementor-element elementor-element-5d40aea elementor-widget-divider--view-line elementor-widget elementor-widget-divider\" data-id=\"5d40aea\" data-element_type=\"widget\" data-e-type=\"widget\" data-widget_type=\"divider.default\">\n\t\t\t\t<div class=\"elementor-widget-container\">\n\t\t\t\t\t\t\t<div class=\"elementor-divider\">\n\t\t\t<span class=\"elementor-divider-separator\">\n\t\t\t\t\t\t<\/span>\n\t\t<\/div>\n\t\t\t\t\t\t<\/div>\n\t\t\t\t<\/div>\n\t\t\t\t<div class=\"elementor-element elementor-element-a6c190f elementor-widget elementor-widget-text-editor\" data-id=\"a6c190f\" data-element_type=\"widget\" data-e-type=\"widget\" data-widget_type=\"text-editor.default\">\n\t\t\t\t<div class=\"elementor-widget-container\">\n\t\t\t\t\t\t\t\t\t<p>Utiliser les ressources de votre terre pour prot\u00e9ger la terre.<\/p><p>\u00a0<\/p>\t\t\t\t\t\t\t\t<\/div>\n\t\t\t\t<\/div>\n\t\t\t\t<\/div>\n\t\t<div class=\"elementor-element elementor-element-9eab652 e-con-full e-flex e-con e-child\" data-id=\"9eab652\" data-element_type=\"container\" data-e-type=\"container\">\n\t\t\t\t<div class=\"elementor-element elementor-element-c37f75d elementor-widget elementor-widget-heading\" data-id=\"c37f75d\" data-element_type=\"widget\" data-e-type=\"widget\" data-widget_type=\"heading.default\">\n\t\t\t\t<div class=\"elementor-widget-container\">\n\t\t\t\t\t<h2 class=\"elementor-heading-title elementor-size-medium\">Liens utiles : <\/h2>\t\t\t\t<\/div>\n\t\t\t\t<\/div>\n\t\t\t\t<div class=\"elementor-element elementor-element-c51b68b elementor-widget-divider--view-line elementor-widget elementor-widget-divider\" data-id=\"c51b68b\" data-element_type=\"widget\" data-e-type=\"widget\" data-widget_type=\"divider.default\">\n\t\t\t\t<div class=\"elementor-widget-container\">\n\t\t\t\t\t\t\t<div class=\"elementor-divider\">\n\t\t\t<span class=\"elementor-divider-separator\">\n\t\t\t\t\t\t<\/span>\n\t\t<\/div>\n\t\t\t\t\t\t<\/div>\n\t\t\t\t<\/div>\n\t\t\t\t<div class=\"elementor-element elementor-element-131d55b elementor-widget elementor-widget-heading\" data-id=\"131d55b\" data-element_type=\"widget\" data-e-type=\"widget\" data-widget_type=\"heading.default\">\n\t\t\t\t<div class=\"elementor-widget-container\">\n\t\t\t\t\t<h2 class=\"elementor-heading-title elementor-size-small\"><a href=\"https:\/\/ecofund.ca\/?page_id=14\">EcoSelect<\/a><\/h2>\t\t\t\t<\/div>\n\t\t\t\t<\/div>\n\t\t\t\t<div class=\"elementor-element elementor-element-4e03075 elementor-widget elementor-widget-heading\" data-id=\"4e03075\" data-element_type=\"widget\" data-e-type=\"widget\" data-widget_type=\"heading.default\">\n\t\t\t\t<div class=\"elementor-widget-container\">\n\t\t\t\t\t<h2 class=\"elementor-heading-title elementor-size-small\"><a href=\"https:\/\/ecofund.ca\/?page_id=16\">EcoSheild<\/a><\/h2>\t\t\t\t<\/div>\n\t\t\t\t<\/div>\n\t\t\t\t<div class=\"elementor-element elementor-element-845b609 elementor-widget elementor-widget-heading\" data-id=\"845b609\" data-element_type=\"widget\" data-e-type=\"widget\" data-widget_type=\"heading.default\">\n\t\t\t\t<div class=\"elementor-widget-container\">\n\t\t\t\t\t<h2 class=\"elementor-heading-title elementor-size-small\"><a href=\"https:\/\/ecofund.ca\/?page_id=18\">Nous contacter <\/a><\/h2>\t\t\t\t<\/div>\n\t\t\t\t<\/div>\n\t\t\t\t<\/div>\n\t\t<div class=\"elementor-element elementor-element-ba8ac1e e-con-full e-flex e-con e-child\" data-id=\"ba8ac1e\" data-element_type=\"container\" data-e-type=\"container\">\n\t\t\t\t<div class=\"elementor-element elementor-element-a21ac8e elementor-widget elementor-widget-heading\" data-id=\"a21ac8e\" data-element_type=\"widget\" data-e-type=\"widget\" data-widget_type=\"heading.default\">\n\t\t\t\t<div class=\"elementor-widget-container\">\n\t\t\t\t\t<h2 class=\"elementor-heading-title elementor-size-medium\">Si\u00e8ge social : <\/h2>\t\t\t\t<\/div>\n\t\t\t\t<\/div>\n\t\t\t\t<div class=\"elementor-element elementor-element-af1a19d elementor-widget-divider--view-line elementor-widget elementor-widget-divider\" data-id=\"af1a19d\" data-element_type=\"widget\" data-e-type=\"widget\" data-widget_type=\"divider.default\">\n\t\t\t\t<div class=\"elementor-widget-container\">\n\t\t\t\t\t\t\t<div class=\"elementor-divider\">\n\t\t\t<span class=\"elementor-divider-separator\">\n\t\t\t\t\t\t<\/span>\n\t\t<\/div>\n\t\t\t\t\t\t<\/div>\n\t\t\t\t<\/div>\n\t\t\t\t<div class=\"elementor-element elementor-element-b9a5fee elementor-icon-list--layout-traditional elementor-list-item-link-full_width elementor-widget elementor-widget-icon-list\" data-id=\"b9a5fee\" data-element_type=\"widget\" data-e-type=\"widget\" data-widget_type=\"icon-list.default\">\n\t\t\t\t<div class=\"elementor-widget-container\">\n\t\t\t\t\t\t\t<ul class=\"elementor-icon-list-items\">\n\t\t\t\t\t\t\t<li class=\"elementor-icon-list-item\">\n\t\t\t\t\t\t\t\t\t\t\t<span class=\"elementor-icon-list-icon\">\n\t\t\t\t\t\t\t<svg aria-hidden=\"true\" class=\"e-font-icon-svg e-fas-map-marker-alt\" viewBox=\"0 0 384 512\" xmlns=\"http:\/\/www.w3.org\/2000\/svg\"><path d=\"M172.268 501.67C26.97 291.031 0 269.413 0 192 0 85.961 85.961 0 192 0s192 85.961 192 192c0 77.413-26.97 99.031-172.268 309.67-9.535 13.774-29.93 13.773-39.464 0zM192 272c44.183 0 80-35.817 80-80s-35.817-80-80-80-80 35.817-80 80 35.817 80 80 80z\"><\/path><\/svg>\t\t\t\t\t\t<\/span>\n\t\t\t\t\t\t\t\t\t\t<span class=\"elementor-icon-list-text\">Vancouver BC<\/span>\n\t\t\t\t\t\t\t\t\t<\/li>\n\t\t\t\t\t\t\t\t<li class=\"elementor-icon-list-item\">\n\t\t\t\t\t\t\t\t\t\t\t<a href=\"https:\/\/ecofund.ca\/?page_id=18\">\n\n\t\t\t\t\t\t\t\t\t\t\t\t<span class=\"elementor-icon-list-icon\">\n\t\t\t\t\t\t\t<svg aria-hidden=\"true\" class=\"e-font-icon-svg e-far-envelope\" viewBox=\"0 0 512 512\" xmlns=\"http:\/\/www.w3.org\/2000\/svg\"><path d=\"M464 64H48C21.49 64 0 85.49 0 112v288c0 26.51 21.49 48 48 48h416c26.51 0 48-21.49 48-48V112c0-26.51-21.49-48-48-48zm0 48v40.805c-22.422 18.259-58.168 46.651-134.587 106.49-16.841 13.247-50.201 45.072-73.413 44.701-23.208.375-56.579-31.459-73.413-44.701C106.18 199.465 70.425 171.067 48 152.805V112h416zM48 400V214.398c22.914 18.251 55.409 43.862 104.938 82.646 21.857 17.205 60.134 55.186 103.062 54.955 42.717.231 80.509-37.199 103.053-54.947 49.528-38.783 82.032-64.401 104.947-82.653V400H48z\"><\/path><\/svg>\t\t\t\t\t\t<\/span>\n\t\t\t\t\t\t\t\t\t\t<span class=\"elementor-icon-list-text\">Email<\/span>\n\t\t\t\t\t\t\t\t\t\t\t<\/a>\n\t\t\t\t\t\t\t\t\t<\/li>\n\t\t\t\t\t\t<\/ul>\n\t\t\t\t\t\t<\/div>\n\t\t\t\t<\/div>\n\t\t\t\t<\/div>\n\t\t<div class=\"elementor-element elementor-element-b800453 e-con-full e-flex e-con e-child\" data-id=\"b800453\" data-element_type=\"container\" data-e-type=\"container\">\n\t\t\t\t<div class=\"elementor-element elementor-element-7d29f1f elementor-widget elementor-widget-heading\" data-id=\"7d29f1f\" data-element_type=\"widget\" data-e-type=\"widget\" data-widget_type=\"heading.default\">\n\t\t\t\t<div class=\"elementor-widget-container\">\n\t\t\t\t\t<h2 class=\"elementor-heading-title elementor-size-medium\">Emplacements : <\/h2>\t\t\t\t<\/div>\n\t\t\t\t<\/div>\n\t\t\t\t<div class=\"elementor-element elementor-element-fc05a1e elementor-widget-divider--view-line elementor-widget elementor-widget-divider\" data-id=\"fc05a1e\" data-element_type=\"widget\" data-e-type=\"widget\" data-widget_type=\"divider.default\">\n\t\t\t\t<div class=\"elementor-widget-container\">\n\t\t\t\t\t\t\t<div class=\"elementor-divider\">\n\t\t\t<span class=\"elementor-divider-separator\">\n\t\t\t\t\t\t<\/span>\n\t\t<\/div>\n\t\t\t\t\t\t<\/div>\n\t\t\t\t<\/div>\n\t\t\t\t<div class=\"elementor-element elementor-element-6f598f7 elementor-widget elementor-widget-text-editor\" data-id=\"6f598f7\" data-element_type=\"widget\" data-e-type=\"widget\" data-widget_type=\"text-editor.default\">\n\t\t\t\t<div class=\"elementor-widget-container\">\n\t\t\t\t\t\t\t\t\t<p>Toronto Canada <br \/>Nairobi Kenya<br \/>Sydney Australia<br \/>London UK<\/p>\t\t\t\t\t\t\t\t<\/div>\n\t\t\t\t<\/div>\n\t\t\t\t<\/div>\n\t\t\t\t\t<\/div>\n\t\t\t\t<\/div>\n\t\t\t\t<\/div>\n\t\t","protected":false},"excerpt":{"rendered":"<p>Services Carbon Credit Development: Le processus de d\u00e9veloppement des cr\u00e9dits carbone implique plusieurs \u00e9tapes cl\u00e9s, commen\u00e7ant par une vue d&#8217;ensemble [&hellip;]<\/p>\n","protected":false},"author":1,"featured_media":0,"parent":0,"menu_order":0,"comment_status":"closed","ping_status":"closed","template":"","meta":{"site-sidebar-layout":"no-sidebar","site-content-layout":"","ast-site-content-layout":"default","site-content-style":"default","site-sidebar-style":"default","ast-global-header-display":"","ast-banner-title-visibility":"","ast-main-header-display":"","ast-hfb-above-header-display":"","ast-hfb-below-header-display":"","ast-hfb-mobile-header-display":"","site-post-title":"disabled","ast-breadcrumbs-content":"","ast-featured-img":"disabled","footer-sml-layout":"","ast-disable-related-posts":"","theme-transparent-header-meta":"","adv-header-id-meta":"","stick-header-meta":"","header-above-stick-meta":"","header-main-stick-meta":"","header-below-stick-meta":"","astra-migrate-meta-layouts":"default","ast-page-background-enabled":"default","ast-page-background-meta":{"desktop":{"background-color":"var(--ast-global-color-4)","background-image":"","background-repeat":"repeat","background-position":"center center","background-size":"auto","background-attachment":"scroll","background-type":"","background-media":"","overlay-type":"","overlay-color":"","overlay-opacity":"","overlay-gradient":""},"tablet":{"background-color":"","background-image":"","background-repeat":"repeat","background-position":"center center","background-size":"auto","background-attachment":"scroll","background-type":"","background-media":"","overlay-type":"","overlay-color":"","overlay-opacity":"","overlay-gradient":""},"mobile":{"background-color":"","background-image":"","background-repeat":"repeat","background-position":"center center","background-size":"auto","background-attachment":"scroll","background-type":"","background-media":"","overlay-type":"","overlay-color":"","overlay-opacity":"","overlay-gradient":""}},"ast-content-background-meta":{"desktop":{"background-color":"var(--ast-global-color-5)","background-image":"","background-repeat":"repeat","background-position":"center center","background-size":"auto","background-attachment":"scroll","background-type":"","background-media":"","overlay-type":"","overlay-color":"","overlay-opacity":"","overlay-gradient":""},"tablet":{"background-color":"var(--ast-global-color-5)","background-image":"","background-repeat":"repeat","background-position":"center center","background-size":"auto","background-attachment":"scroll","background-type":"","background-media":"","overlay-type":"","overlay-color":"","overlay-opacity":"","overlay-gradient":""},"mobile":{"background-color":"var(--ast-global-color-5)","background-image":"","background-repeat":"repeat","background-position":"center center","background-size":"auto","background-attachment":"scroll","background-type":"","background-media":"","overlay-type":"","overlay-color":"","overlay-opacity":"","overlay-gradient":""}},"footnotes":""},"class_list":["post-797","page","type-page","status-publish","hentry"],"_links":{"self":[{"href":"https:\/\/ecofund.ca\/index.php?rest_route=\/wp\/v2\/pages\/797","targetHints":{"allow":["GET"]}}],"collection":[{"href":"https:\/\/ecofund.ca\/index.php?rest_route=\/wp\/v2\/pages"}],"about":[{"href":"https:\/\/ecofund.ca\/index.php?rest_route=\/wp\/v2\/types\/page"}],"author":[{"embeddable":true,"href":"https:\/\/ecofund.ca\/index.php?rest_route=\/wp\/v2\/users\/1"}],"replies":[{"embeddable":true,"href":"https:\/\/ecofund.ca\/index.php?rest_route=%2Fwp%2Fv2%2Fcomments&post=797"}],"version-history":[{"count":6,"href":"https:\/\/ecofund.ca\/index.php?rest_route=\/wp\/v2\/pages\/797\/revisions"}],"predecessor-version":[{"id":823,"href":"https:\/\/ecofund.ca\/index.php?rest_route=\/wp\/v2\/pages\/797\/revisions\/823"}],"wp:attachment":[{"href":"https:\/\/ecofund.ca\/index.php?rest_route=%2Fwp%2Fv2%2Fmedia&parent=797"}],"curies":[{"name":"wp","href":"https:\/\/api.w.org\/{rel}","templated":true}]}}